{"id":818,"date":"2021-01-23T16:33:54","date_gmt":"2021-01-23T15:33:54","guid":{"rendered":"https:\/\/www.servirmageneration.fr\/?page_id=818"},"modified":"2025-01-01T17:19:27","modified_gmt":"2025-01-01T16:19:27","slug":"catalogue","status":"publish","type":"page","link":"https:\/\/www.seformeretreussir.fr\/index.php\/catalogue\/","title":{"rendered":"Catalogue"},"content":{"rendered":"<h3 class=\"has-text-align-center\"><strong>Accueil et Pr\u00e9sentation<\/strong><\/h3>\n<h5><strong>Nous proposons des formations personnalis\u00e9es en fonction du besoin de chaque client.<br \/>\n<\/strong><strong>Nous les construisons \u00e0 partir des formations de notre catalogue.<\/strong><\/h5>\n<div class=\"wp-block-image\">\n<figure class=\"aligncenter size-full\"><img loading=\"lazy\" decoding=\"async\" class=\"wp-image-954 aligncenter\" src=\"https:\/\/www.seformeretreussir.fr\/wp-content\/uploads\/2024\/12\/edof-2.png\" sizes=\"auto, (max-width: 258px) 100vw, 258px\" srcset=\"https:\/\/www.seformeretreussir.fr\/wp-content\/uploads\/2024\/12\/edof-2.png 258w, https:\/\/www.seformeretreussir.fr\/wp-content\/uploads\/2024\/12\/edof-2-150x150.png 150w\" alt=\"\" width=\"258\" height=\"259\" \/><\/figure>\n<p style=\"text-align: center;\"><a href=\"https:\/\/www.seformeretreussir.fr\/wp-content\/uploads\/2025\/01\/certificat-B00955-2024-12-21T23_00_00Z.pdf\">Notre Certificat Qualiopi<\/a><\/p>\n<\/div>\n<h3><span data-darkreader-inline-color=\"\">Voici la base de notre Catalogue de Formations\u00a0 :<\/span><\/h3>\n<p><strong>Formations de cr\u00e9ation d'entreprise<\/strong><\/p>\n<p><span style=\"color: #ff0000;\"><strong>ACTIONS DE FORMATION DISPENS\u00c9ES AUX CR\u00c9ATEURS ET REPRENEURS D'ENTREPRISE<\/strong><\/span><\/p>\n<p><span style=\"color: #ff0000;\"><strong>CR\u00c9ER, D\u00c9VELOPPER ET ORGANISER VOTRE ACTIVIT\u00c9<\/strong><\/span><\/p>\n<p><span style=\"color: #ff0000;\"><strong>CR\u00c9ER ET D\u00c9VELOPPER VOTRE ENTREPRISE<\/strong><\/span><\/p>\n<p><strong>Formations pour les Formateurs et Centres de Formation<\/strong><\/p>\n<p><span style=\"color: #ff0000;\"><strong>CR\u00c9ER ET G\u00c9RER VOTRE CENTRE DE FORMATION<\/strong><\/span><\/p>\n<p><span style=\"color: #ff0000;\"><strong>D\u00c9VELOPPER ET ORGANISER VOTRE CENTRE DE FORMATION<\/strong><\/span><\/p>\n<p><span style=\"color: #ff0000;\"><strong>D\u00c9VELOPPER ET ORGANISER VOTRE ACTIVIT\u00c9 DE FORMATION (QUALIOPI)<\/strong><\/span><\/p>\n<p><span style=\"color: #ff0000;\"><strong>COMPRENDRE L'ADMINISTRATION D'UN ORGANISME DE FORMATION<\/strong><\/span><\/p>\n<p><span style=\"color: #ff0000;\"><strong>DEVENIR AGENT ADMINISTRATIF D'UN CENTRE DE FORMATION<\/strong><\/span><\/p>\n<p>Vous pouvez nous contacter pour la formation de votre choix afin que nous puissions vous envoyer par mail le programme de la formation adapt\u00e9 \u00e0 l'analyse de vos besoins. Ce programme appara\u00eetra dans votre Contrat ou votre Convention de formation.<\/p>\n<p style=\"text-align: center;\"><span style=\"color: #ff0000;\"><strong>AVEC PERSEVERE.FR ACADEMY - PERSA <\/strong><\/span><br \/>\n<span style=\"color: #ff0000;\"><strong>FORMEZ-VOUS EN LIGNE !<\/strong><\/span><\/p>\n","protected":false},"excerpt":{"rendered":"<p>Accueil et Pr\u00e9sentation Nous proposons des formations personnalis\u00e9es en fonction du besoin de chaque client. Nous les construisons \u00e0 partir des formations de notre catalogue. Notre Certificat Qualiopi Voici la base de notre Catalogue de Formations\u00a0 : Formations de cr\u00e9ation d&rsquo;entreprise ACTIONS DE FORMATION DISPENS\u00c9ES AUX CR\u00c9ATEURS ET REPRENEURS D&rsquo;ENTREPRISE CR\u00c9ER, D\u00c9VELOPPER ET ORGANISER VOTRE [&hellip;]<\/p>\n","protected":false},"author":1,"featured_media":0,"parent":0,"menu_order":0,"comment_status":"closed","ping_status":"closed","template":"","meta":{"footnotes":""},"class_list":["post-818","page","type-page","status-publish","hentry"],"_links":{"self":[{"href":"https:\/\/www.seformeretreussir.fr\/index.php\/wp-json\/wp\/v2\/pages\/818","targetHints":{"allow":["GET"]}}],"collection":[{"href":"https:\/\/www.seformeretreussir.fr\/index.php\/wp-json\/wp\/v2\/pages"}],"about":[{"href":"https:\/\/www.seformeretreussir.fr\/index.php\/wp-json\/wp\/v2\/types\/page"}],"author":[{"embeddable":true,"href":"https:\/\/www.seformeretreussir.fr\/index.php\/wp-json\/wp\/v2\/users\/1"}],"replies":[{"embeddable":true,"href":"https:\/\/www.seformeretreussir.fr\/index.php\/wp-json\/wp\/v2\/comments?post=818"}],"version-history":[{"count":10,"href":"https:\/\/www.seformeretreussir.fr\/index.php\/wp-json\/wp\/v2\/pages\/818\/revisions"}],"predecessor-version":[{"id":987,"href":"https:\/\/www.seformeretreussir.fr\/index.php\/wp-json\/wp\/v2\/pages\/818\/revisions\/987"}],"wp:attachment":[{"href":"https:\/\/www.seformeretreussir.fr\/index.php\/wp-json\/wp\/v2\/media?parent=818"}],"curies":[{"name":"wp","href":"https:\/\/api.w.org\/{rel}","templated":true}]}}