{"id":645,"date":"2020-12-17T06:02:26","date_gmt":"2020-12-17T05:02:26","guid":{"rendered":"https:\/\/www.web-sap-relax.fr\/?page_id=645"},"modified":"2024-02-17T15:59:37","modified_gmt":"2024-02-17T14:59:37","slug":"modalites-pedagogiques_bdc","status":"publish","type":"page","link":"https:\/\/www.seformeretreussir.fr\/index.php\/modalites-pedagogiques_bdc\/","title":{"rendered":"Modalit\u00e9s p\u00e9dagogiques"},"content":{"rendered":"\n<p class=\"has-large-font-size\"><strong>\u203a Rythme et Dur\u00e9e d\u00e9terminer suivant notre entretien pr\u00e9alable au bilan<br><\/strong><\/p>\n\n\n\n<p>Vous trouverez nos modalit\u00e9s p\u00e9dagogiques dans le contrat qui vous sera remis.<\/p>\n\n\n\n<p><strong> R\u00f4le de chacun et engagements r\u00e9ciproques :<\/strong><\/p>\n\n\n\n<figure class=\"wp-block-table aligncenter\">\n<table class=\"has-fixed-layout\">\n<tbody>\n<tr>\n<td>\u00a0 Les Miens : \u00a0 <br \/><br \/>Vous fournir des outils et tous les moyens n\u00e9cessaires \u00e0 la bonne r\u00e9alisation de votre Bilan de comp\u00e9tences tel qu\u2019il vous a \u00e9t\u00e9 pr\u00e9sent\u00e9 \u00a0 <br \/><br \/>Vous faire b\u00e9n\u00e9ficier de m\u00e9thodes et outils de qualit\u00e9 adapt\u00e9s \u00e0 votre cas personnel. <br \/><br \/>Favoriser votre acc\u00e8s aux informations dont vous pourriez avoir besoin pour r\u00e9ussir votre bilan tout en restant \u00e0 votre \u00e9coute\u00a0 <br \/><br \/>\u00a0<\/td>\n<td>\u00a0 <br \/>Les v\u00f4tres : \u00a0 <br \/><br \/>\u00catre pr\u00e9sent(e) au dates et heures convenues pour la r\u00e9alisation de votre bilan de comp\u00e9tences \u00a0<br \/><br \/><br \/><br \/>M\u2019informer de vos \u00e9ventuels emp\u00eachements d\u00e8s que vous en avez connaissance \u00a0<br \/><br \/><br \/>Respecter le r\u00e8glement int\u00e9rieur de PERSEVERE.FR ACADEMY -PERSA qui vous accueille \u00a0 <br \/><br \/><br \/>Effectuer ou faire de votre mieux pour effectuer les d\u00e9marches qui vous sont demand\u00e9es pour la bonne r\u00e9alisation de votre bilan de comp\u00e9tences : travaux pr\u00e9paratoires etc \u2026 \u00a0 <br \/><br \/><br \/><br \/>M'informer des difficult\u00e9s ou \u00e9cueils qui pourraient entraver la bonne r\u00e9alisation de votre bilan de comp\u00e9tences \u00a0<\/td>\n<\/tr>\n<\/tbody>\n<\/table>\n<\/figure>\n","protected":false},"excerpt":{"rendered":"<p>\u203a Rythme et Dur\u00e9e d\u00e9terminer suivant notre entretien pr\u00e9alable au bilan Vous trouverez nos modalit\u00e9s p\u00e9dagogiques dans le contrat qui vous sera remis. R\u00f4le de chacun et engagements r\u00e9ciproques : \u00a0 Les Miens : \u00a0 Vous fournir des outils et tous les moyens n\u00e9cessaires \u00e0 la bonne r\u00e9alisation de votre Bilan de comp\u00e9tences tel qu\u2019il [&hellip;]<\/p>\n","protected":false},"author":1,"featured_media":0,"parent":0,"menu_order":0,"comment_status":"closed","ping_status":"closed","template":"","meta":{"footnotes":""},"class_list":["post-645","page","type-page","status-publish","hentry"],"_links":{"self":[{"href":"https:\/\/www.seformeretreussir.fr\/index.php\/wp-json\/wp\/v2\/pages\/645","targetHints":{"allow":["GET"]}}],"collection":[{"href":"https:\/\/www.seformeretreussir.fr\/index.php\/wp-json\/wp\/v2\/pages"}],"about":[{"href":"https:\/\/www.seformeretreussir.fr\/index.php\/wp-json\/wp\/v2\/types\/page"}],"author":[{"embeddable":true,"href":"https:\/\/www.seformeretreussir.fr\/index.php\/wp-json\/wp\/v2\/users\/1"}],"replies":[{"embeddable":true,"href":"https:\/\/www.seformeretreussir.fr\/index.php\/wp-json\/wp\/v2\/comments?post=645"}],"version-history":[{"count":10,"href":"https:\/\/www.seformeretreussir.fr\/index.php\/wp-json\/wp\/v2\/pages\/645\/revisions"}],"predecessor-version":[{"id":905,"href":"https:\/\/www.seformeretreussir.fr\/index.php\/wp-json\/wp\/v2\/pages\/645\/revisions\/905"}],"wp:attachment":[{"href":"https:\/\/www.seformeretreussir.fr\/index.php\/wp-json\/wp\/v2\/media?parent=645"}],"curies":[{"name":"wp","href":"https:\/\/api.w.org\/{rel}","templated":true}]}}