{"id":614,"date":"2020-12-17T03:23:50","date_gmt":"2020-12-17T02:23:50","guid":{"rendered":"https:\/\/www.web-sap-relax.fr\/?page_id=614"},"modified":"2020-12-17T04:56:36","modified_gmt":"2020-12-17T03:56:36","slug":"partenariat","status":"publish","type":"page","link":"https:\/\/www.seformeretreussir.fr\/index.php\/partenariat\/","title":{"rendered":"Partenariat"},"content":{"rendered":"\n<p><\/p>\n\n\n\n<p>D\u00e9couvrez <a href=\"https:\/\/servirmageneration.learnybox.com\/websap-quel-statut-social-pour-le-dirigeant-les-erreurs-a-eviter-pour-creer-son-entreprise\/\">ici<\/a> une de nos \"S\u00e9ances d'Accompagnement de Projet depuis le Web\" (WebSAP) pour pouvoir pendre un rendez-vous avec notre partenaire <strong>KeoBiz, <\/strong>cabinet d'expertise comptable sp\u00e9cialis\u00e9 dans l'accompagnement des ind\u00e9pendants.<\/p>\n\n\n\n<p><\/p>\n","protected":false},"excerpt":{"rendered":"<p>D\u00e9couvrez ici une de nos \u00ab\u00a0S\u00e9ances d&rsquo;Accompagnement de Projet depuis le Web\u00a0\u00bb (WebSAP) pour pouvoir pendre un rendez-vous avec notre partenaire KeoBiz, cabinet d&rsquo;expertise comptable sp\u00e9cialis\u00e9 dans l&rsquo;accompagnement des ind\u00e9pendants.<\/p>\n","protected":false},"author":1,"featured_media":0,"parent":0,"menu_order":0,"comment_status":"closed","ping_status":"closed","template":"","meta":{"footnotes":""},"class_list":["post-614","page","type-page","status-publish","hentry"],"_links":{"self":[{"href":"https:\/\/www.seformeretreussir.fr\/index.php\/wp-json\/wp\/v2\/pages\/614","targetHints":{"allow":["GET"]}}],"collection":[{"href":"https:\/\/www.seformeretreussir.fr\/index.php\/wp-json\/wp\/v2\/pages"}],"about":[{"href":"https:\/\/www.seformeretreussir.fr\/index.php\/wp-json\/wp\/v2\/types\/page"}],"author":[{"embeddable":true,"href":"https:\/\/www.seformeretreussir.fr\/index.php\/wp-json\/wp\/v2\/users\/1"}],"replies":[{"embeddable":true,"href":"https:\/\/www.seformeretreussir.fr\/index.php\/wp-json\/wp\/v2\/comments?post=614"}],"version-history":[{"count":3,"href":"https:\/\/www.seformeretreussir.fr\/index.php\/wp-json\/wp\/v2\/pages\/614\/revisions"}],"predecessor-version":[{"id":622,"href":"https:\/\/www.seformeretreussir.fr\/index.php\/wp-json\/wp\/v2\/pages\/614\/revisions\/622"}],"wp:attachment":[{"href":"https:\/\/www.seformeretreussir.fr\/index.php\/wp-json\/wp\/v2\/media?parent=614"}],"curies":[{"name":"wp","href":"https:\/\/api.w.org\/{rel}","templated":true}]}}