{"id":589,"date":"2020-12-17T01:53:09","date_gmt":"2020-12-17T00:53:09","guid":{"rendered":"https:\/\/www.web-sap-relax.fr\/?page_id=589"},"modified":"2020-12-17T01:59:29","modified_gmt":"2020-12-17T00:59:29","slug":"temoignage-marie-cormier","status":"publish","type":"page","link":"https:\/\/www.seformeretreussir.fr\/index.php\/temoignage-marie-cormier\/","title":{"rendered":"T\u00e9moignage Marie Cormier"},"content":{"rendered":"\n<p id=\"viewer-bb3e2\">J'ai contact\u00e9 Laetitia Mouill\u00e9 pour r\u00e9ussir \u00e0 cr\u00e9er mon offre de formation sur EDOF.<\/p>\n\n\n\n<p id=\"viewer-5e3he\">Mon objectif est atteint puisqu'elle m'a aid\u00e9e \u00e0 travers les diff\u00e9rentes \u00e9tapes du processus de cr\u00e9ation de ma formation en respectant bien les crit\u00e8res d'EDOF. Elle m'a \u00e9galement conseill\u00e9e dans la cr\u00e9ation de ma soci\u00e9t\u00e9 et a pu m'apporter de pr\u00e9cieux conseils.<\/p>\n\n\n\n<p id=\"viewer-8ltop\">J'ai pu \u00e9galement faire appel \u00e0 elle pour quelques crit\u00e8res du Datadock qui me semblaient compliqu\u00e9s.<\/p>\n\n\n\n<p id=\"viewer-3d3pv\">Je recommande <u>PERSEVERE.FR ACADEMY<\/u> pour la gentillesse de Laetitia mais aussi un suivi en temps r\u00e9el avec une disponibilit\u00e9 \u00e0 toute \u00e9preuve.<\/p>\n\n\n\n<p>Retrouvez-moi sur <a href=\"https:\/\/www.facebook.com\/marie.cormiercoursparticuliers.7\">Facebook<\/a><\/p>\n","protected":false},"excerpt":{"rendered":"<p>J&rsquo;ai contact\u00e9 Laetitia Mouill\u00e9 pour r\u00e9ussir \u00e0 cr\u00e9er mon offre de formation sur EDOF. Mon objectif est atteint puisqu&rsquo;elle m&rsquo;a aid\u00e9e \u00e0 travers les diff\u00e9rentes \u00e9tapes du processus de cr\u00e9ation de ma formation en respectant bien les crit\u00e8res d&rsquo;EDOF. Elle m&rsquo;a \u00e9galement conseill\u00e9e dans la cr\u00e9ation de ma soci\u00e9t\u00e9 et a pu m&rsquo;apporter de pr\u00e9cieux [&hellip;]<\/p>\n","protected":false},"author":1,"featured_media":0,"parent":0,"menu_order":0,"comment_status":"closed","ping_status":"closed","template":"","meta":{"footnotes":""},"class_list":["post-589","page","type-page","status-publish","hentry"],"_links":{"self":[{"href":"https:\/\/www.seformeretreussir.fr\/index.php\/wp-json\/wp\/v2\/pages\/589","targetHints":{"allow":["GET"]}}],"collection":[{"href":"https:\/\/www.seformeretreussir.fr\/index.php\/wp-json\/wp\/v2\/pages"}],"about":[{"href":"https:\/\/www.seformeretreussir.fr\/index.php\/wp-json\/wp\/v2\/types\/page"}],"author":[{"embeddable":true,"href":"https:\/\/www.seformeretreussir.fr\/index.php\/wp-json\/wp\/v2\/users\/1"}],"replies":[{"embeddable":true,"href":"https:\/\/www.seformeretreussir.fr\/index.php\/wp-json\/wp\/v2\/comments?post=589"}],"version-history":[{"count":3,"href":"https:\/\/www.seformeretreussir.fr\/index.php\/wp-json\/wp\/v2\/pages\/589\/revisions"}],"predecessor-version":[{"id":598,"href":"https:\/\/www.seformeretreussir.fr\/index.php\/wp-json\/wp\/v2\/pages\/589\/revisions\/598"}],"wp:attachment":[{"href":"https:\/\/www.seformeretreussir.fr\/index.php\/wp-json\/wp\/v2\/media?parent=589"}],"curies":[{"name":"wp","href":"https:\/\/api.w.org\/{rel}","templated":true}]}}