{"id":533,"date":"2020-12-16T02:20:52","date_gmt":"2020-12-16T01:20:52","guid":{"rendered":"https:\/\/www.web-sap-relax.fr\/?page_id=533"},"modified":"2023-04-20T23:27:32","modified_gmt":"2023-04-20T21:27:32","slug":"accessibilite","status":"publish","type":"page","link":"https:\/\/www.seformeretreussir.fr\/index.php\/accessibilite\/","title":{"rendered":"Accessibilit\u00e9"},"content":{"rendered":"\n<h2 class=\"wp-block-heading has-text-align-center\">Modalit\u00e9s d\u2019acc\u00e8s aux formations<\/h2>\n\n\n\n<p>Veuillez contacter l'OF par t\u00e9l\u00e9phone 06 65 65 79 63) ou par email (<a href=\"mailto:seformeretreussir@persevere.fr\">seformeretreussir@persevere.fr<\/a>) pour un rdv en audio ou visioconf\u00e9rence. Nous \u00e9tudierons avec vous votre projet de formation afin de vous proposer un accompagnement personnalis\u00e9 et\/ou collectif . <\/p>\n\n\n\n<p>Ce premier rendez-vous de diagnostic est totalement gratuit. Il nous permettra de vous proposer une offre adapt\u00e9e \u00e0 votre demande.<\/p>\n\n\n\n<p class=\"has-large-font-size\"><strong>D\u00e9lai d'acc\u00e8s :<\/strong><\/p>\n\n\n\n<p>Imm\u00e9diat. Entr\u00e9es et sorties permanentes.<\/p>\n\n\n\n<p><\/p>\n\n\n\n<h2 class=\"wp-block-heading has-text-align-center\">Accessibilit\u00e9 aux personnes en situation de handicap<\/h2>\n\n\n\n<p>Tout le monde a droit a la formation quels que soient sa culture, sa face, sa race ou sa gr\u00e2ce. Vous l'avez compris, nous vous donnons l'opportunit\u00e9 de vous former dans le domaine de vos comp\u00e9tences et mettons tout en oeuvre pour vous orienter vers l'organisme le plus appropri\u00e9 \u00e0 votre situation. Que ce soit nous ou un organisme plus adapt\u00e9 tel que l'<strong>AGEFIPH<\/strong> \/ <strong>CAP EMPLOI<\/strong>, nous vous orientons.<\/p>\n\n\n\n<p><\/p>\n","protected":false},"excerpt":{"rendered":"<p>Modalit\u00e9s d\u2019acc\u00e8s aux formations Veuillez contacter l&rsquo;OF par t\u00e9l\u00e9phone 06 65 65 79 63) ou par email (seformeretreussir@persevere.fr) pour un rdv en audio ou visioconf\u00e9rence. Nous \u00e9tudierons avec vous votre projet de formation afin de vous proposer un accompagnement personnalis\u00e9 et\/ou collectif . Ce premier rendez-vous de diagnostic est totalement gratuit. Il nous permettra de [&hellip;]<\/p>\n","protected":false},"author":1,"featured_media":0,"parent":0,"menu_order":0,"comment_status":"closed","ping_status":"closed","template":"","meta":{"footnotes":""},"class_list":["post-533","page","type-page","status-publish","hentry"],"_links":{"self":[{"href":"https:\/\/www.seformeretreussir.fr\/index.php\/wp-json\/wp\/v2\/pages\/533","targetHints":{"allow":["GET"]}}],"collection":[{"href":"https:\/\/www.seformeretreussir.fr\/index.php\/wp-json\/wp\/v2\/pages"}],"about":[{"href":"https:\/\/www.seformeretreussir.fr\/index.php\/wp-json\/wp\/v2\/types\/page"}],"author":[{"embeddable":true,"href":"https:\/\/www.seformeretreussir.fr\/index.php\/wp-json\/wp\/v2\/users\/1"}],"replies":[{"embeddable":true,"href":"https:\/\/www.seformeretreussir.fr\/index.php\/wp-json\/wp\/v2\/comments?post=533"}],"version-history":[{"count":5,"href":"https:\/\/www.seformeretreussir.fr\/index.php\/wp-json\/wp\/v2\/pages\/533\/revisions"}],"predecessor-version":[{"id":842,"href":"https:\/\/www.seformeretreussir.fr\/index.php\/wp-json\/wp\/v2\/pages\/533\/revisions\/842"}],"wp:attachment":[{"href":"https:\/\/www.seformeretreussir.fr\/index.php\/wp-json\/wp\/v2\/media?parent=533"}],"curies":[{"name":"wp","href":"https:\/\/api.w.org\/{rel}","templated":true}]}}