{"id":269,"date":"2020-03-24T21:11:43","date_gmt":"2020-03-24T20:11:43","guid":{"rendered":"https:\/\/www.web-sap-relax.fr\/?page_id=269"},"modified":"2024-12-23T19:12:01","modified_gmt":"2024-12-23T18:12:01","slug":"accueil","status":"publish","type":"page","link":"https:\/\/www.seformeretreussir.fr\/","title":{"rendered":"Accueil"},"content":{"rendered":"<div class=\"wp-block-image\">\n<figure class=\"aligncenter\"><img decoding=\"async\" src=\"https:\/\/www.seformeretreussir.fr\/wp-content\/uploads\/2022\/06\/Screenshot_20220626_075628-300x266.jpg\" alt=\"\"\/><\/figure><\/div>\n\n\n<div id=\"comp-j7flc6e4\" class=\"txtNew\" data-packed=\"true\" data-vertical-text=\"false\">\n<h4 class=\"font_2\" style=\"text-align: center;\"><span style=\"color: #ff0000;\"><span class=\"color_20\">Bienvenue sur notre plateforme <br \/>d'accompagnement professionnel <br \/><\/span><span class=\"color_20\">de tout porteur de projet<\/span><\/span><\/h4>\n<\/div>\n<div id=\"comp-j7flff2t\" class=\"txtNew\" data-packed=\"true\" data-vertical-text=\"false\">\n<p class=\"font_7\">En cliquant sur ce site vous ne vous \u00eates pas du tout tromp\u00e9 et ce n'est pas un hasard, car chaque chose est\u00a0faite,\u00a0belle, en son temps.<\/p>\n<p class=\"font_7\"><span class=\"wixGuard\">\u200b<\/span>Lorsque vous avez essay\u00e9\u00a0de r\u00e9aliser quelque chose, et que vous sentez que cela perdure\u00a0dans le temps, c'est qu'il y a quelque chose de grand qui doit sortir de vous, qui est rare et qui n'a jamais \u00e9t\u00e9 fait auparavant.<\/p>\n<p class=\"font_7\">C'est pour cela que cela prend du temps. <strong>Pers\u00e9v\u00e9rez !<\/strong><\/p>\n<p class=\"font_7\">Pensez \u00e0 Thomas Edison qui a invent\u00e9 l'ampoule \u00e9lectrique qui dit qu'il n'a pas \u00e9chou\u00e9 pendant 999... \u00e8me fois, mais il a d\u00e9montr\u00e9 par cela quelle est la bonne fa\u00e7on de cr\u00e9er l'ampoule \u00e9lectrique lorsqu'il a r\u00e9ussi !<\/p>\n<p class=\"font_7\">Vous \u00eates un Thomas Edison dans notre g\u00e9n\u00e9ration, il faut laisser briller votre lumi\u00e8re devant les hommes pour \u00e9clairer les nations afin d'apporter votre contribution \u00e0 l'\u00e9panouissement de votre environnement et de la soci\u00e9t\u00e9.<\/p>\n<p class=\"font_7\"><span class=\"wixGuard\">\u200b<\/span><span class=\"color_20\">Le Centre de formation <span style=\"color: #0000ff;\"><strong>PERSEVERE.FR ACADEMY<\/strong><\/span> \"<span style=\"color: #0000ff;\">Se former et R\u00e9ussir<\/span>\"<\/span> a pour<span class=\"color_20\"> objectifs <\/span>de<span class=\"color_20\"> former<\/span>,\u00a0d'<span class=\"color_20\"> \u00e9quiper<\/span> et d'<span class=\"color_20\">accompagner tous les porteurs de projet <\/span>\u00a0les entrepreneurs,\u00a0les demandeurs d'emploi ainsi que tous ceux qui sont en reconversion professionnelle.<\/p>\n<p class=\"font_7\"><span class=\"wixGuard\">\u200b<\/span>Donc si vous \u00eates sur ce site c'est que c'est votre saison, c'est votre temps pour vous accomplir pour lib\u00e9rer les dons et les talents dont vous avez \u00e9t\u00e9 dot\u00e9s, pour devenir le v\u00e9ritable \"<strong><span style=\"color: #339966;\">VOUS<\/span><\/strong>\" dont votre entourage et la soci\u00e9t\u00e9 attend la manifestation.<\/p>\n<p class=\"font_7\"><span class=\"wixGuard\">\u200b<\/span>Votre FORME, r\u00e9v\u00e8le simplement qui vous \u00eates. Je parle de comment vous avez \u00e9t\u00e9 fa\u00e7onn\u00e9, vos exp\u00e9riences pass\u00e9es (bonnes, ou douloureuses), les battements de votre c\u0153ur, vos talents, votre personnalit\u00e9, ces choses sont des poteaux indicateurs de ce qui est en vous et qui doit sortir de vous.<\/p>\n<p class=\"font_7\"><span class=\"wixGuard\">\u200b<\/span>Nous sommes l\u00e0, mon \u00e9quipe et moi-m\u00eame, pour vous accompagner dans la r\u00e9alisation de vos projets. Et c'est ce que nous allons faire,\u00a0si vous nous le permettez.<\/p>\n<p class=\"font_7\">Donc, je vous laisse <span class=\"color_20\">d\u00e9couvrir notre site et nous contacter sur la plateforme GereOF : <a href=\"https:\/\/portail.gereof.com\">portail.gereof.com<\/a><\/span>.\u00a0Vous pouvez \u00e9galement nous contacter par mail \u00e0 <a href=\"mailto:seformeretreussir@persevere.fr\">seformeretreussir@persevere.fr<\/a>.\u00a0<\/p>\n<p>Vous pouvez aussi nous contacter sur la plateforme de collaboration GereOF pour trouver\u00a0 une assistance technique (acc\u00e8s s\u00e9curis\u00e9) : <a href=\"https:\/\/gereof.net\">gereof.net<\/a>\u00a0ou envoyer un email \u00e0 <a href=\"mailto:support@gereof.net\">support@gereof.net<\/a><\/p>\n<p>A tr\u00e8s bient\u00f4t,<\/p>\n<p class=\"font_7\">\u00a0 \u00a0 \u00a0 \u00a0 \u00a0 \u00a0 Laetitia Mouill\u00e9, directrice du centre de formation,<\/p>\n<p class=\"font_7\" style=\"text-align: center;\"><span style=\"color: #0000ff;\"><strong>PERSEVERE.FR ACADEMY - PERSA<\/strong> <\/span><br \/><span style=\"color: #0000ff;\">Se Former Et R\u00e9ussir\u00a0<\/span><\/p>\n<\/div>\n\n\n\n<figure class=\"wp-block-image size-full is-resized\"><img loading=\"lazy\" decoding=\"async\" width=\"303\" height=\"77\" src=\"https:\/\/www.seformeretreussir.fr\/wp-content\/uploads\/2023\/04\/persa_qualiopi.png\" alt=\"\" class=\"wp-image-883\" style=\"aspect-ratio:3.9236641221374047;width:516px;height:auto\" srcset=\"https:\/\/www.seformeretreussir.fr\/wp-content\/uploads\/2023\/04\/persa_qualiopi.png 303w, https:\/\/www.seformeretreussir.fr\/wp-content\/uploads\/2023\/04\/persa_qualiopi-300x76.png 300w\" sizes=\"auto, (max-width: 303px) 100vw, 303px\" \/><\/figure>\n\n\n\n<p>La certification qualit\u00e9&nbsp;a \u00e9t\u00e9 d\u00e9livr\u00e9e au titre des cat\u00e9gories d'actions suivantes :<\/p>\n\n\n\n<ul class=\"wp-block-list\">\n<li>ACTIONS DE FORMATION<\/li>\n\n\n\n<li>BILANS DE COMP\u00c9TENCES<\/li>\n<\/ul>\n","protected":false},"excerpt":{"rendered":"<p>Bienvenue sur notre plateforme d&rsquo;accompagnement professionnel de tout porteur de projet En cliquant sur ce site vous ne vous \u00eates pas du tout tromp\u00e9 et ce n&rsquo;est pas un hasard, car chaque chose est\u00a0faite,\u00a0belle, en son temps. \u200bLorsque vous avez essay\u00e9\u00a0de r\u00e9aliser quelque chose, et que vous sentez que cela perdure\u00a0dans le temps, c&rsquo;est qu&rsquo;il [&hellip;]<\/p>\n","protected":false},"author":1,"featured_media":0,"parent":0,"menu_order":0,"comment_status":"closed","ping_status":"closed","template":"","meta":{"footnotes":""},"class_list":["post-269","page","type-page","status-publish","hentry"],"_links":{"self":[{"href":"https:\/\/www.seformeretreussir.fr\/index.php\/wp-json\/wp\/v2\/pages\/269","targetHints":{"allow":["GET"]}}],"collection":[{"href":"https:\/\/www.seformeretreussir.fr\/index.php\/wp-json\/wp\/v2\/pages"}],"about":[{"href":"https:\/\/www.seformeretreussir.fr\/index.php\/wp-json\/wp\/v2\/types\/page"}],"author":[{"embeddable":true,"href":"https:\/\/www.seformeretreussir.fr\/index.php\/wp-json\/wp\/v2\/users\/1"}],"replies":[{"embeddable":true,"href":"https:\/\/www.seformeretreussir.fr\/index.php\/wp-json\/wp\/v2\/comments?post=269"}],"version-history":[{"count":19,"href":"https:\/\/www.seformeretreussir.fr\/index.php\/wp-json\/wp\/v2\/pages\/269\/revisions"}],"predecessor-version":[{"id":971,"href":"https:\/\/www.seformeretreussir.fr\/index.php\/wp-json\/wp\/v2\/pages\/269\/revisions\/971"}],"wp:attachment":[{"href":"https:\/\/www.seformeretreussir.fr\/index.php\/wp-json\/wp\/v2\/media?parent=269"}],"curies":[{"name":"wp","href":"https:\/\/api.w.org\/{rel}","templated":true}]}}