{"id":241,"date":"2020-03-24T20:00:54","date_gmt":"2020-03-24T19:00:54","guid":{"rendered":"https:\/\/www.web-sap-relax.fr\/index.php\/become-a-teacher\/"},"modified":"2020-04-03T11:54:43","modified_gmt":"2020-04-03T09:54:43","slug":"become-a-teacher","status":"publish","type":"page","link":"https:\/\/www.seformeretreussir.fr\/index.php\/become-a-teacher\/","title":{"rendered":"D\u00e9velopper votre activit\u00e9 de formateur"},"content":{"rendered":"\n<p>PERSEVERE.FR ACADEMY offre de nombreuses opportunit\u00e9s pour mettre vos talents de formateur au service de cette g\u00e9n\u00e9ration.<\/p>\n\n\n\n<p>Si vous voulez tenter l'aventure, contactez-nous \u00e0 <a href=\"mailto:seformeretreussir@persevere.fr\">seformeretreussir@persevere.fr<\/a><\/p>\n","protected":false},"excerpt":{"rendered":"<p>PERSEVERE.FR ACADEMY offre de nombreuses opportunit\u00e9s pour mettre vos talents de formateur au service de cette g\u00e9n\u00e9ration. Si vous voulez tenter l&rsquo;aventure, contactez-nous \u00e0 seformeretreussir@persevere.fr<\/p>\n","protected":false},"author":1,"featured_media":0,"parent":0,"menu_order":0,"comment_status":"closed","ping_status":"closed","template":"","meta":{"footnotes":""},"class_list":["post-241","page","type-page","status-publish","hentry"],"_links":{"self":[{"href":"https:\/\/www.seformeretreussir.fr\/index.php\/wp-json\/wp\/v2\/pages\/241","targetHints":{"allow":["GET"]}}],"collection":[{"href":"https:\/\/www.seformeretreussir.fr\/index.php\/wp-json\/wp\/v2\/pages"}],"about":[{"href":"https:\/\/www.seformeretreussir.fr\/index.php\/wp-json\/wp\/v2\/types\/page"}],"author":[{"embeddable":true,"href":"https:\/\/www.seformeretreussir.fr\/index.php\/wp-json\/wp\/v2\/users\/1"}],"replies":[{"embeddable":true,"href":"https:\/\/www.seformeretreussir.fr\/index.php\/wp-json\/wp\/v2\/comments?post=241"}],"version-history":[{"count":3,"href":"https:\/\/www.seformeretreussir.fr\/index.php\/wp-json\/wp\/v2\/pages\/241\/revisions"}],"predecessor-version":[{"id":368,"href":"https:\/\/www.seformeretreussir.fr\/index.php\/wp-json\/wp\/v2\/pages\/241\/revisions\/368"}],"wp:attachment":[{"href":"https:\/\/www.seformeretreussir.fr\/index.php\/wp-json\/wp\/v2\/media?parent=241"}],"curies":[{"name":"wp","href":"https:\/\/api.w.org\/{rel}","templated":true}]}}